{"id":45,"date":"2011-07-19T14:06:30","date_gmt":"2011-07-19T14:06:30","guid":{"rendered":"http:\/\/www.turkishostel.com\/?page_id=45"},"modified":"2019-05-28T08:33:07","modified_gmt":"2019-05-28T08:33:07","slug":"odalarimiz-ve-fiyatlarimiz","status":"publish","type":"page","link":"https:\/\/www.turkishostel.com\/?page_id=45","title":{"rendered":"Odalar\u0131m\u0131z ve Fiyatlar\u0131m\u0131z"},"content":{"rendered":"<p>&nbsp;<\/p>\n\n\t\t<style type=\"text\/css\">\n\t\t\t#gallery-1 {\n\t\t\t\tmargin: auto;\n\t\t\t}\n\t\t\t#gallery-1 .gallery-item {\n\t\t\t\tfloat: left;\n\t\t\t\tmargin-top: 10px;\n\t\t\t\ttext-align: center;\n\t\t\t\twidth: 33%;\n\t\t\t}\n\t\t\t#gallery-1 img {\n\t\t\t\tborder: 2px solid #cfcfcf;\n\t\t\t}\n\t\t\t#gallery-1 .gallery-caption {\n\t\t\t\tmargin-left: 0;\n\t\t\t}\n\t\t\t\/* see gallery_shortcode() in wp-includes\/media.php *\/\n\t\t<\/style>\n\t\t<div id='gallery-1' class='gallery galleryid-45 gallery-columns-3 gallery-size-thumbnail'><dl class='gallery-item'>\n\t\t\t<dt class='gallery-icon landscape'>\n\t\t\t\t<a href='https:\/\/www.turkishostel.com\/?attachment_id=147'><img width=\"150\" height=\"150\" src=\"https:\/\/www.turkishostel.com\/wp-content\/uploads\/2011\/07\/dsc070091-150x150.jpg\" class=\"attachment-thumbnail size-thumbnail\" alt=\"\" loading=\"lazy\" \/><\/a>\n\t\t\t<\/dt><\/dl><dl class='gallery-item'>\n\t\t\t<dt class='gallery-icon portrait'>\n\t\t\t\t<a href='https:\/\/www.turkishostel.com\/?attachment_id=148'><img width=\"150\" height=\"150\" src=\"https:\/\/www.turkishostel.com\/wp-content\/uploads\/2011\/07\/IMG_6216-Kopya-150x150.jpg\" class=\"attachment-thumbnail size-thumbnail\" alt=\"\" loading=\"lazy\" \/><\/a>\n\t\t\t<\/dt><\/dl><dl class='gallery-item'>\n\t\t\t<dt class='gallery-icon landscape'>\n\t\t\t\t<a href='https:\/\/www.turkishostel.com\/?attachment_id=142'><img width=\"150\" height=\"150\" src=\"https:\/\/www.turkishostel.com\/wp-content\/uploads\/2011\/07\/dsc069281-150x150.jpg\" class=\"attachment-thumbnail size-thumbnail\" alt=\"\" loading=\"lazy\" \/><\/a>\n\t\t\t<\/dt><\/dl><br style=\"clear: both\" \/><dl class='gallery-item'>\n\t\t\t<dt class='gallery-icon landscape'>\n\t\t\t\t<a href='https:\/\/www.turkishostel.com\/?attachment_id=155'><img width=\"150\" height=\"150\" src=\"https:\/\/www.turkishostel.com\/wp-content\/uploads\/2011\/07\/IMG_62261-150x150.jpg\" class=\"attachment-thumbnail size-thumbnail\" alt=\"\" loading=\"lazy\" \/><\/a>\n\t\t\t<\/dt><\/dl><dl class='gallery-item'>\n\t\t\t<dt class='gallery-icon landscape'>\n\t\t\t\t<a href='https:\/\/www.turkishostel.com\/?attachment_id=146'><img width=\"150\" height=\"150\" src=\"https:\/\/www.turkishostel.com\/wp-content\/uploads\/2011\/07\/dsc070001-150x150.jpg\" class=\"attachment-thumbnail size-thumbnail\" alt=\"\" loading=\"lazy\" \/><\/a>\n\t\t\t<\/dt><\/dl><dl class='gallery-item'>\n\t\t\t<dt class='gallery-icon portrait'>\n\t\t\t\t<a href='https:\/\/www.turkishostel.com\/?attachment_id=149'><img width=\"150\" height=\"150\" src=\"https:\/\/www.turkishostel.com\/wp-content\/uploads\/2011\/07\/IMG_62161-150x150.jpg\" class=\"attachment-thumbnail size-thumbnail\" alt=\"\" loading=\"lazy\" \/><\/a>\n\t\t\t<\/dt><\/dl><br style=\"clear: both\" \/><dl class='gallery-item'>\n\t\t\t<dt class='gallery-icon portrait'>\n\t\t\t\t<a href='https:\/\/www.turkishostel.com\/?attachment_id=152'><img width=\"150\" height=\"150\" src=\"https:\/\/www.turkishostel.com\/wp-content\/uploads\/2011\/07\/IMG_62191-150x150.jpg\" class=\"attachment-thumbnail size-thumbnail\" alt=\"\" loading=\"lazy\" \/><\/a>\n\t\t\t<\/dt><\/dl><dl class='gallery-item'>\n\t\t\t<dt class='gallery-icon landscape'>\n\t\t\t\t<a href='https:\/\/www.turkishostel.com\/?attachment_id=156'><img width=\"150\" height=\"150\" src=\"https:\/\/www.turkishostel.com\/wp-content\/uploads\/2011\/07\/IMG_62291-150x150.jpg\" class=\"attachment-thumbnail size-thumbnail\" alt=\"\" loading=\"lazy\" \/><\/a>\n\t\t\t<\/dt><\/dl><dl class='gallery-item'>\n\t\t\t<dt class='gallery-icon landscape'>\n\t\t\t\t<a href='https:\/\/www.turkishostel.com\/?attachment_id=143'><img width=\"150\" height=\"150\" src=\"https:\/\/www.turkishostel.com\/wp-content\/uploads\/2011\/07\/dsc069291-150x150.jpg\" class=\"attachment-thumbnail size-thumbnail\" alt=\"\" loading=\"lazy\" \/><\/a>\n\t\t\t<\/dt><\/dl><br style=\"clear: both\" \/><dl class='gallery-item'>\n\t\t\t<dt class='gallery-icon portrait'>\n\t\t\t\t<a href='https:\/\/www.turkishostel.com\/?attachment_id=151'><img width=\"150\" height=\"150\" src=\"https:\/\/www.turkishostel.com\/wp-content\/uploads\/2011\/07\/IMG_62171-150x150.jpg\" class=\"attachment-thumbnail size-thumbnail\" alt=\"\" loading=\"lazy\" \/><\/a>\n\t\t\t<\/dt><\/dl><dl class='gallery-item'>\n\t\t\t<dt class='gallery-icon landscape'>\n\t\t\t\t<a href='https:\/\/www.turkishostel.com\/?attachment_id=145'><img width=\"150\" height=\"150\" src=\"https:\/\/www.turkishostel.com\/wp-content\/uploads\/2011\/07\/dsc069371-150x150.jpg\" class=\"attachment-thumbnail size-thumbnail\" alt=\"\" loading=\"lazy\" \/><\/a>\n\t\t\t<\/dt><\/dl><dl class='gallery-item'>\n\t\t\t<dt class='gallery-icon landscape'>\n\t\t\t\t<a href='https:\/\/www.turkishostel.com\/?attachment_id=157'><img width=\"150\" height=\"150\" src=\"https:\/\/www.turkishostel.com\/wp-content\/uploads\/2011\/07\/IMG_62341-150x150.jpg\" class=\"attachment-thumbnail size-thumbnail\" alt=\"\" loading=\"lazy\" \/><\/a>\n\t\t\t<\/dt><\/dl><br style=\"clear: both\" \/><dl class='gallery-item'>\n\t\t\t<dt class='gallery-icon landscape'>\n\t\t\t\t<a href='https:\/\/www.turkishostel.com\/?attachment_id=153'><img width=\"150\" height=\"150\" src=\"https:\/\/www.turkishostel.com\/wp-content\/uploads\/2011\/07\/IMG_62211-150x150.jpg\" class=\"attachment-thumbnail size-thumbnail\" alt=\"\" loading=\"lazy\" \/><\/a>\n\t\t\t<\/dt><\/dl><dl class='gallery-item'>\n\t\t\t<dt class='gallery-icon landscape'>\n\t\t\t\t<a href='https:\/\/www.turkishostel.com\/?attachment_id=144'><img width=\"150\" height=\"150\" src=\"https:\/\/www.turkishostel.com\/wp-content\/uploads\/2011\/07\/dsc069331-150x150.jpg\" class=\"attachment-thumbnail size-thumbnail\" alt=\"\" loading=\"lazy\" \/><\/a>\n\t\t\t<\/dt><\/dl><dl class='gallery-item'>\n\t\t\t<dt class='gallery-icon landscape'>\n\t\t\t\t<a href='https:\/\/www.turkishostel.com\/?attachment_id=158'><img width=\"150\" height=\"150\" src=\"https:\/\/www.turkishostel.com\/wp-content\/uploads\/2011\/07\/IMG_62451-150x150.jpg\" class=\"attachment-thumbnail size-thumbnail\" alt=\"\" loading=\"lazy\" \/><\/a>\n\t\t\t<\/dt><\/dl><br style=\"clear: both\" \/><dl class='gallery-item'>\n\t\t\t<dt class='gallery-icon portrait'>\n\t\t\t\t<a href='https:\/\/www.turkishostel.com\/?attachment_id=154'><img width=\"150\" height=\"150\" src=\"https:\/\/www.turkishostel.com\/wp-content\/uploads\/2011\/07\/IMG_62221-150x150.jpg\" class=\"attachment-thumbnail size-thumbnail\" alt=\"\" loading=\"lazy\" \/><\/a>\n\t\t\t<\/dt><\/dl>\n\t\t\t<br style='clear: both' \/>\n\t\t<\/div>\n\n","protected":false},"excerpt":{"rendered":"<p>&nbsp;<\/p>\n","protected":false},"author":1,"featured_media":0,"parent":42,"menu_order":10,"comment_status":"open","ping_status":"open","template":"onecolumn-page.php","meta":[],"yoast_head":"<!-- This site is optimized with the Yoast SEO plugin v18.3 - https:\/\/yoast.com\/wordpress\/plugins\/seo\/ -->\n<title>Odalar\u0131m\u0131z ve Fiyatlar\u0131m\u0131z - Turkish Hostel<\/title>\n<meta name=\"robots\" content=\"index, follow, max-snippet:-1, max-image-preview:large, max-video-preview:-1\" \/>\n<link rel=\"canonical\" href=\"https:\/\/www.turkishostel.com\/?page_id=45\" \/>\n<meta property=\"og:locale\" content=\"tr_TR\" \/>\n<meta property=\"og:type\" content=\"article\" \/>\n<meta property=\"og:title\" content=\"Odalar\u0131m\u0131z ve Fiyatlar\u0131m\u0131z - Turkish Hostel\" \/>\n<meta property=\"og:description\" content=\"&nbsp;\" \/>\n<meta property=\"og:url\" content=\"https:\/\/www.turkishostel.com\/?page_id=45\" \/>\n<meta property=\"og:site_name\" content=\"Turkish Hostel\" \/>\n<meta property=\"article:modified_time\" content=\"2019-05-28T08:33:07+00:00\" \/>\n<meta property=\"og:image\" content=\"https:\/\/www.turkishostel.com\/wp-content\/uploads\/2011\/07\/IMG_62451-150x150.jpg\" \/>\n<meta name=\"twitter:card\" content=\"summary_large_image\" \/>\n<script type=\"application\/ld+json\" class=\"yoast-schema-graph\">{\"@context\":\"https:\/\/schema.org\",\"@graph\":[{\"@type\":\"WebSite\",\"@id\":\"https:\/\/www.turkishostel.com\/#website\",\"url\":\"https:\/\/www.turkishostel.com\/\",\"name\":\"Turkish Hostel\",\"description\":\"The Cheapest Hostel in Istanbul\",\"potentialAction\":[{\"@type\":\"SearchAction\",\"target\":{\"@type\":\"EntryPoint\",\"urlTemplate\":\"https:\/\/www.turkishostel.com\/?s={search_term_string}\"},\"query-input\":\"required name=search_term_string\"}],\"inLanguage\":\"tr\"},{\"@type\":\"WebPage\",\"@id\":\"https:\/\/www.turkishostel.com\/?page_id=45#webpage\",\"url\":\"https:\/\/www.turkishostel.com\/?page_id=45\",\"name\":\"Odalar\u0131m\u0131z ve Fiyatlar\u0131m\u0131z - Turkish Hostel\",\"isPartOf\":{\"@id\":\"https:\/\/www.turkishostel.com\/#website\"},\"datePublished\":\"2011-07-19T14:06:30+00:00\",\"dateModified\":\"2019-05-28T08:33:07+00:00\",\"breadcrumb\":{\"@id\":\"https:\/\/www.turkishostel.com\/?page_id=45#breadcrumb\"},\"inLanguage\":\"tr\",\"potentialAction\":[{\"@type\":\"ReadAction\",\"target\":[\"https:\/\/www.turkishostel.com\/?page_id=45\"]}]},{\"@type\":\"BreadcrumbList\",\"@id\":\"https:\/\/www.turkishostel.com\/?page_id=45#breadcrumb\",\"itemListElement\":[{\"@type\":\"ListItem\",\"position\":1,\"name\":\"Anasayfa\",\"item\":\"https:\/\/www.turkishostel.com\/\"},{\"@type\":\"ListItem\",\"position\":2,\"name\":\"T\u00fcrk\u00e7e\",\"item\":\"https:\/\/www.turkishostel.com\/?page_id=42\"},{\"@type\":\"ListItem\",\"position\":3,\"name\":\"Odalar\u0131m\u0131z ve Fiyatlar\u0131m\u0131z\"}]}]}<\/script>\n<!-- \/ Yoast SEO plugin. -->","yoast_head_json":{"title":"Odalar\u0131m\u0131z ve Fiyatlar\u0131m\u0131z - Turkish Hostel","robots":{"index":"index","follow":"follow","max-snippet":"max-snippet:-1","max-image-preview":"max-image-preview:large","max-video-preview":"max-video-preview:-1"},"canonical":"https:\/\/www.turkishostel.com\/?page_id=45","og_locale":"tr_TR","og_type":"article","og_title":"Odalar\u0131m\u0131z ve Fiyatlar\u0131m\u0131z - Turkish Hostel","og_description":"&nbsp;","og_url":"https:\/\/www.turkishostel.com\/?page_id=45","og_site_name":"Turkish Hostel","article_modified_time":"2019-05-28T08:33:07+00:00","og_image":[{"url":"https:\/\/www.turkishostel.com\/wp-content\/uploads\/2011\/07\/IMG_62451-150x150.jpg"}],"twitter_card":"summary_large_image","schema":{"@context":"https:\/\/schema.org","@graph":[{"@type":"WebSite","@id":"https:\/\/www.turkishostel.com\/#website","url":"https:\/\/www.turkishostel.com\/","name":"Turkish Hostel","description":"The Cheapest Hostel in Istanbul","potentialAction":[{"@type":"SearchAction","target":{"@type":"EntryPoint","urlTemplate":"https:\/\/www.turkishostel.com\/?s={search_term_string}"},"query-input":"required name=search_term_string"}],"inLanguage":"tr"},{"@type":"WebPage","@id":"https:\/\/www.turkishostel.com\/?page_id=45#webpage","url":"https:\/\/www.turkishostel.com\/?page_id=45","name":"Odalar\u0131m\u0131z ve Fiyatlar\u0131m\u0131z - Turkish Hostel","isPartOf":{"@id":"https:\/\/www.turkishostel.com\/#website"},"datePublished":"2011-07-19T14:06:30+00:00","dateModified":"2019-05-28T08:33:07+00:00","breadcrumb":{"@id":"https:\/\/www.turkishostel.com\/?page_id=45#breadcrumb"},"inLanguage":"tr","potentialAction":[{"@type":"ReadAction","target":["https:\/\/www.turkishostel.com\/?page_id=45"]}]},{"@type":"BreadcrumbList","@id":"https:\/\/www.turkishostel.com\/?page_id=45#breadcrumb","itemListElement":[{"@type":"ListItem","position":1,"name":"Anasayfa","item":"https:\/\/www.turkishostel.com\/"},{"@type":"ListItem","position":2,"name":"T\u00fcrk\u00e7e","item":"https:\/\/www.turkishostel.com\/?page_id=42"},{"@type":"ListItem","position":3,"name":"Odalar\u0131m\u0131z ve Fiyatlar\u0131m\u0131z"}]}]}},"_links":{"self":[{"href":"https:\/\/www.turkishostel.com\/index.php?rest_route=\/wp\/v2\/pages\/45"}],"collection":[{"href":"https:\/\/www.turkishostel.com\/index.php?rest_route=\/wp\/v2\/pages"}],"about":[{"href":"https:\/\/www.turkishostel.com\/index.php?rest_route=\/wp\/v2\/types\/page"}],"author":[{"embeddable":true,"href":"https:\/\/www.turkishostel.com\/index.php?rest_route=\/wp\/v2\/users\/1"}],"replies":[{"embeddable":true,"href":"https:\/\/www.turkishostel.com\/index.php?rest_route=%2Fwp%2Fv2%2Fcomments&post=45"}],"version-history":[{"count":7,"href":"https:\/\/www.turkishostel.com\/index.php?rest_route=\/wp\/v2\/pages\/45\/revisions"}],"predecessor-version":[{"id":230,"href":"https:\/\/www.turkishostel.com\/index.php?rest_route=\/wp\/v2\/pages\/45\/revisions\/230"}],"up":[{"embeddable":true,"href":"https:\/\/www.turkishostel.com\/index.php?rest_route=\/wp\/v2\/pages\/42"}],"wp:attachment":[{"href":"https:\/\/www.turkishostel.com\/index.php?rest_route=%2Fwp%2Fv2%2Fmedia&parent=45"}],"curies":[{"name":"wp","href":"https:\/\/api.w.org\/{rel}","templated":true}]}}