{"id":42,"date":"2011-07-19T14:03:37","date_gmt":"2011-07-19T14:03:37","guid":{"rendered":"http:\/\/www.turkishostel.com\/?page_id=42"},"modified":"2011-07-20T08:13:12","modified_gmt":"2011-07-20T08:13:12","slug":"turkce","status":"publish","type":"page","link":"https:\/\/www.turkishostel.com\/?page_id=42","title":{"rendered":"T\u00fcrk\u00e7e"},"content":{"rendered":"<p>Misafirhanemiz, \u0130stanbul\u2019da az para ile merkezi bir yerde, g\u00fcvenli ve nezih bir ortamda konaklama imk\u00e2n\u0131 sunmaktad\u0131r. Misafirhanemiz, Bo\u011faz\u2019a ve Taksim\/\u0130stiklal Caddesine birka\u00e7 dakikal\u0131k y\u00fcr\u00fcme mesafesinde bulunmaktad\u0131r.<a href=\"http:\/\/www.turkishostel.com\"><img loading=\"lazy\" class=\"alignright size-medium wp-image-133\" title=\"Turkishostel\" src=\"http:\/\/www.turkishostel.com\/wp-content\/uploads\/2011\/07\/IMG_61841-300x200.jpg\" alt=\"\" width=\"300\" height=\"200\" srcset=\"https:\/\/www.turkishostel.com\/wp-content\/uploads\/2011\/07\/IMG_61841-300x200.jpg 300w, https:\/\/www.turkishostel.com\/wp-content\/uploads\/2011\/07\/IMG_61841-190x126.jpg 190w, https:\/\/www.turkishostel.com\/wp-content\/uploads\/2011\/07\/IMG_61841-60x40.jpg 60w, https:\/\/www.turkishostel.com\/wp-content\/uploads\/2011\/07\/IMG_61841-400x266.jpg 400w, https:\/\/www.turkishostel.com\/wp-content\/uploads\/2011\/07\/IMG_61841.jpg 1024w\" sizes=\"(max-width: 300px) 100vw, 300px\" \/><\/a><\/p>\n<p>\u015e\u00f6yleki, buras\u0131\u00a0 bir taraftan Bo\u011faza naz\u0131r bir konuma sahiptir. Harikulade teras\u0131ndan muhte\u015fem Bo\u011faz yan\u0131nda eski \u0130stanbul\u2019u da seyretmek m\u00fcmk\u00fcnd\u00fcr. Terasta bulunan envai \u00e7e\u015fit \u00e7i\u00e7ek ve hatta a\u011fa\u00e7lar aras\u0131ndan Topkap\u0131, Sultanahmet ve Ayasofya\u2019y\u0131 doya doya seyredebilece\u011finiz ola\u011fan\u00fcst\u00fc bir mekand\u0131r.<\/p>\n<p>Buras\u0131 ayn\u0131 zamanda modern ile tarihi olan\u0131n kesi\u015fti\u011fi yerdir. \u015e\u00f6yleki \u0130stiklal Caddesi\u00a0 \u0130stanbula gelen hemen her ziyaret\u00e7inin\u00a0 art\u0131k u\u011framadan ge\u00e7emedi\u011fi bir yer konumunad\u0131r.<\/p>\n<p><img loading=\"lazy\" class=\"alignright size-medium wp-image-135\" title=\"Turkishostel\" src=\"http:\/\/www.turkishostel.com\/wp-content\/uploads\/2011\/07\/IMG_6186-200x300.jpg\" alt=\"\" width=\"200\" height=\"300\" srcset=\"https:\/\/www.turkishostel.com\/wp-content\/uploads\/2011\/07\/IMG_6186-200x300.jpg 200w, https:\/\/www.turkishostel.com\/wp-content\/uploads\/2011\/07\/IMG_6186-126x190.jpg 126w, https:\/\/www.turkishostel.com\/wp-content\/uploads\/2011\/07\/IMG_6186-53x80.jpg 53w, https:\/\/www.turkishostel.com\/wp-content\/uploads\/2011\/07\/IMG_6186-223x335.jpg 223w, https:\/\/www.turkishostel.com\/wp-content\/uploads\/2011\/07\/IMG_6186.jpg 683w\" sizes=\"(max-width: 200px) 100vw, 200px\" \/><\/p>\n<p>Burada her millet, dil, din ve \u0131rktan insana rastlamak m\u00fcmk\u00fcnd\u00fcr. Ancak buras\u0131 ayn\u0131 zamanda\u00a0 tarihi bir mekand\u0131r. Taksim bir\u00e7ok misyon binas\u0131, hamam, cami, kilise vb. yap\u0131lara ev sahipli\u011fi yapar. Me\u015fhur galata Kulesi de burada yer almaktad\u0131r.<\/p>\n<p>Misafirhanemiz Tophane Metro Dura\u011f\u0131ndan birka\u00e7 dakikal\u0131k y\u00fcr\u00fcme mesafesindedir. Bu duraktan Sultanahmet, Ayasofya, Yerebatan Sarn\u0131c\u0131, G\u00fclhane Park\u0131, Beyaz\u0131t Meydan\u0131, Laleli ve \u0130stanbul \u00dcniversitesi Kampusuna 10 dakikada ula\u015fabilirsiniz.<\/p>\n","protected":false},"excerpt":{"rendered":"<a href=\"https:\/\/www.turkishostel.com\/?page_id=42\" style=\"background-image: url(http:\/\/www.turkishostel.com\/wp-content\/uploads\/2011\/07\/IMG_61841-300x200.jpg);\" class=\"thumb_crop\">http:\/\/www.turkishostel.com\/wp-content\/uploads\/2011\/07\/IMG_61841-300x200.jpg<\/a><p>Misafirhanemiz, \u0130stanbul\u2019da az para ile merkezi bir yerde, g\u00fcvenli ve nezih bir ortamda konaklama imk\u00e2n\u0131 sunmaktad\u0131r. Misafirhanemiz, Bo\u011faz\u2019a ve Taksim\/\u0130stiklal Caddesine birka\u00e7 dakikal\u0131k y\u00fcr\u00fcme mesafesinde bulunmaktad\u0131r. \u015e\u00f6yleki, buras\u0131\u00a0 bir taraftan Bo\u011faza naz\u0131r bir konuma sahiptir. Harikulade teras\u0131ndan muhte\u015fem Bo\u011faz yan\u0131nda &hellip;<\/p>\n<div class=\"read_more\"><a href=\"https:\/\/www.turkishostel.com\/?page_id=42\">read more<\/a><\/div>\n","protected":false},"author":1,"featured_media":0,"parent":0,"menu_order":9,"comment_status":"open","ping_status":"open","template":"onecolumn-page.php","meta":[],"yoast_head":"<!-- This site is optimized with the Yoast SEO plugin v18.3 - https:\/\/yoast.com\/wordpress\/plugins\/seo\/ -->\n<title>T\u00fcrk\u00e7e - Turkish Hostel<\/title>\n<meta name=\"robots\" content=\"index, follow, max-snippet:-1, max-image-preview:large, max-video-preview:-1\" \/>\n<link rel=\"canonical\" href=\"https:\/\/www.turkishostel.com\/?page_id=42\" \/>\n<meta property=\"og:locale\" content=\"tr_TR\" \/>\n<meta property=\"og:type\" content=\"article\" \/>\n<meta property=\"og:title\" content=\"T\u00fcrk\u00e7e - Turkish Hostel\" \/>\n<meta property=\"og:description\" content=\"Misafirhanemiz, \u0130stanbul\u2019da az para ile merkezi bir yerde, g\u00fcvenli ve nezih bir ortamda konaklama imk\u00e2n\u0131 sunmaktad\u0131r. Misafirhanemiz, Bo\u011faz\u2019a ve Taksim\/\u0130stiklal Caddesine birka\u00e7 dakikal\u0131k y\u00fcr\u00fcme mesafesinde bulunmaktad\u0131r. \u015e\u00f6yleki, buras\u0131\u00a0 bir taraftan Bo\u011faza naz\u0131r bir konuma sahiptir. Harikulade teras\u0131ndan muhte\u015fem Bo\u011faz yan\u0131nda &hellip;read more\" \/>\n<meta property=\"og:url\" content=\"https:\/\/www.turkishostel.com\/?page_id=42\" \/>\n<meta property=\"og:site_name\" content=\"Turkish Hostel\" \/>\n<meta property=\"article:modified_time\" content=\"2011-07-20T08:13:12+00:00\" \/>\n<meta property=\"og:image\" content=\"http:\/\/www.turkishostel.com\/wp-content\/uploads\/2011\/07\/IMG_61841-300x200.jpg\" \/>\n<meta name=\"twitter:card\" content=\"summary_large_image\" \/>\n<meta name=\"twitter:label1\" content=\"Tahmini okuma s\u00fcresi\" \/>\n\t<meta name=\"twitter:data1\" content=\"1 dakika\" \/>\n<script type=\"application\/ld+json\" class=\"yoast-schema-graph\">{\"@context\":\"https:\/\/schema.org\",\"@graph\":[{\"@type\":\"WebSite\",\"@id\":\"https:\/\/www.turkishostel.com\/#website\",\"url\":\"https:\/\/www.turkishostel.com\/\",\"name\":\"Turkish Hostel\",\"description\":\"The Cheapest Hostel in Istanbul\",\"potentialAction\":[{\"@type\":\"SearchAction\",\"target\":{\"@type\":\"EntryPoint\",\"urlTemplate\":\"https:\/\/www.turkishostel.com\/?s={search_term_string}\"},\"query-input\":\"required name=search_term_string\"}],\"inLanguage\":\"tr\"},{\"@type\":\"ImageObject\",\"@id\":\"https:\/\/www.turkishostel.com\/?page_id=42#primaryimage\",\"inLanguage\":\"tr\",\"url\":\"https:\/\/www.turkishostel.com\/wp-content\/uploads\/2011\/07\/IMG_61841.jpg\",\"contentUrl\":\"https:\/\/www.turkishostel.com\/wp-content\/uploads\/2011\/07\/IMG_61841.jpg\",\"width\":\"1024\",\"height\":\"683\"},{\"@type\":\"WebPage\",\"@id\":\"https:\/\/www.turkishostel.com\/?page_id=42#webpage\",\"url\":\"https:\/\/www.turkishostel.com\/?page_id=42\",\"name\":\"T\u00fcrk\u00e7e - Turkish Hostel\",\"isPartOf\":{\"@id\":\"https:\/\/www.turkishostel.com\/#website\"},\"primaryImageOfPage\":{\"@id\":\"https:\/\/www.turkishostel.com\/?page_id=42#primaryimage\"},\"datePublished\":\"2011-07-19T14:03:37+00:00\",\"dateModified\":\"2011-07-20T08:13:12+00:00\",\"breadcrumb\":{\"@id\":\"https:\/\/www.turkishostel.com\/?page_id=42#breadcrumb\"},\"inLanguage\":\"tr\",\"potentialAction\":[{\"@type\":\"ReadAction\",\"target\":[\"https:\/\/www.turkishostel.com\/?page_id=42\"]}]},{\"@type\":\"BreadcrumbList\",\"@id\":\"https:\/\/www.turkishostel.com\/?page_id=42#breadcrumb\",\"itemListElement\":[{\"@type\":\"ListItem\",\"position\":1,\"name\":\"Anasayfa\",\"item\":\"https:\/\/www.turkishostel.com\/\"},{\"@type\":\"ListItem\",\"position\":2,\"name\":\"T\u00fcrk\u00e7e\"}]}]}<\/script>\n<!-- \/ Yoast SEO plugin. -->","yoast_head_json":{"title":"T\u00fcrk\u00e7e - Turkish Hostel","robots":{"index":"index","follow":"follow","max-snippet":"max-snippet:-1","max-image-preview":"max-image-preview:large","max-video-preview":"max-video-preview:-1"},"canonical":"https:\/\/www.turkishostel.com\/?page_id=42","og_locale":"tr_TR","og_type":"article","og_title":"T\u00fcrk\u00e7e - Turkish Hostel","og_description":"Misafirhanemiz, \u0130stanbul\u2019da az para ile merkezi bir yerde, g\u00fcvenli ve nezih bir ortamda konaklama imk\u00e2n\u0131 sunmaktad\u0131r. Misafirhanemiz, Bo\u011faz\u2019a ve Taksim\/\u0130stiklal Caddesine birka\u00e7 dakikal\u0131k y\u00fcr\u00fcme mesafesinde bulunmaktad\u0131r. \u015e\u00f6yleki, buras\u0131\u00a0 bir taraftan Bo\u011faza naz\u0131r bir konuma sahiptir. Harikulade teras\u0131ndan muhte\u015fem Bo\u011faz yan\u0131nda &hellip;read more","og_url":"https:\/\/www.turkishostel.com\/?page_id=42","og_site_name":"Turkish Hostel","article_modified_time":"2011-07-20T08:13:12+00:00","og_image":[{"url":"http:\/\/www.turkishostel.com\/wp-content\/uploads\/2011\/07\/IMG_61841-300x200.jpg"}],"twitter_card":"summary_large_image","twitter_misc":{"Tahmini okuma s\u00fcresi":"1 dakika"},"schema":{"@context":"https:\/\/schema.org","@graph":[{"@type":"WebSite","@id":"https:\/\/www.turkishostel.com\/#website","url":"https:\/\/www.turkishostel.com\/","name":"Turkish Hostel","description":"The Cheapest Hostel in Istanbul","potentialAction":[{"@type":"SearchAction","target":{"@type":"EntryPoint","urlTemplate":"https:\/\/www.turkishostel.com\/?s={search_term_string}"},"query-input":"required name=search_term_string"}],"inLanguage":"tr"},{"@type":"ImageObject","@id":"https:\/\/www.turkishostel.com\/?page_id=42#primaryimage","inLanguage":"tr","url":"https:\/\/www.turkishostel.com\/wp-content\/uploads\/2011\/07\/IMG_61841.jpg","contentUrl":"https:\/\/www.turkishostel.com\/wp-content\/uploads\/2011\/07\/IMG_61841.jpg","width":"1024","height":"683"},{"@type":"WebPage","@id":"https:\/\/www.turkishostel.com\/?page_id=42#webpage","url":"https:\/\/www.turkishostel.com\/?page_id=42","name":"T\u00fcrk\u00e7e - Turkish Hostel","isPartOf":{"@id":"https:\/\/www.turkishostel.com\/#website"},"primaryImageOfPage":{"@id":"https:\/\/www.turkishostel.com\/?page_id=42#primaryimage"},"datePublished":"2011-07-19T14:03:37+00:00","dateModified":"2011-07-20T08:13:12+00:00","breadcrumb":{"@id":"https:\/\/www.turkishostel.com\/?page_id=42#breadcrumb"},"inLanguage":"tr","potentialAction":[{"@type":"ReadAction","target":["https:\/\/www.turkishostel.com\/?page_id=42"]}]},{"@type":"BreadcrumbList","@id":"https:\/\/www.turkishostel.com\/?page_id=42#breadcrumb","itemListElement":[{"@type":"ListItem","position":1,"name":"Anasayfa","item":"https:\/\/www.turkishostel.com\/"},{"@type":"ListItem","position":2,"name":"T\u00fcrk\u00e7e"}]}]}},"_links":{"self":[{"href":"https:\/\/www.turkishostel.com\/index.php?rest_route=\/wp\/v2\/pages\/42"}],"collection":[{"href":"https:\/\/www.turkishostel.com\/index.php?rest_route=\/wp\/v2\/pages"}],"about":[{"href":"https:\/\/www.turkishostel.com\/index.php?rest_route=\/wp\/v2\/types\/page"}],"author":[{"embeddable":true,"href":"https:\/\/www.turkishostel.com\/index.php?rest_route=\/wp\/v2\/users\/1"}],"replies":[{"embeddable":true,"href":"https:\/\/www.turkishostel.com\/index.php?rest_route=%2Fwp%2Fv2%2Fcomments&post=42"}],"version-history":[{"count":6,"href":"https:\/\/www.turkishostel.com\/index.php?rest_route=\/wp\/v2\/pages\/42\/revisions"}],"predecessor-version":[{"id":137,"href":"https:\/\/www.turkishostel.com\/index.php?rest_route=\/wp\/v2\/pages\/42\/revisions\/137"}],"wp:attachment":[{"href":"https:\/\/www.turkishostel.com\/index.php?rest_route=%2Fwp%2Fv2%2Fmedia&parent=42"}],"curies":[{"name":"wp","href":"https:\/\/api.w.org\/{rel}","templated":true}]}}